{"id":13,"date":"2016-03-29T18:17:53","date_gmt":"2016-03-29T17:17:53","guid":{"rendered":"http:\/\/www.extremelyweb.nl\/?page_id=13"},"modified":"2016-03-31T10:06:29","modified_gmt":"2016-03-31T09:06:29","slug":"bedrijfsprofiel","status":"publish","type":"page","link":"https:\/\/www.extremelyweb.nl\/index.php\/bedrijfsprofiel\/","title":{"rendered":"Bedrijfsprofiel"},"content":{"rendered":"<p>Een Internetsite voor uw bedrijf is meer dan een aantal pagina&#8217;s op het internet. Uw Internetsite maakt deel uit van uw marketingplan en is zodoende een belangrijk instrument in uw communicatie naar derden. U kunt de informatie die uw site oplevert toepassen in nieuwe acties en mailings. Hierdoor leert u uw doelgroep beter kennen\u00a0om uw produkt of dienst beter op hen af te stellen.<br \/>\nElke Internetsite is een stukje maatwerk.\u00a0In overleg met u wordt er invulling gegeven aan de inhoud en opbouw van de site. Op die manier krijgt uw site een &#8220;eigen gezicht&#8221; en wordt uw site uniek.<\/p>\n<p>Alle denkbare technische mogelijkheden kunnen wij in uw site inbouwen.<br \/>\nDatabases, autorespond e-mail en statistieken zijn hiervan slechts enkele voorbeelden. Bij ons bent u niet gebonden aan &#8220;standaard&#8221; pakketten, u kunt zelf aangeven welke mogelijkheden u wilt gebruiken. Alles is maatwerk. Ook de aanvraag van uw domeinnaam (uw internetadres) regelen wij voor u, evenals de serverruimte waar uw site wordt gehost.<\/p>\n<p>Heeft U ook nog geen PC of netwerk, of wilt U uw huidige computer- en\/of serverpark uitbreiden of laten beheren, ook daarmee kunnen we U van dienst zijn. U heeft dus nergens omkijken naar!<\/p>\n<p>eXtremelyWeb heeft zich gespecialiseerd in de ontwikkeling en toepassing van nieuwe media. Door de combinatie van Webdesign en IT-sector kan eXtremelyWeb u alle diensten onder \u00e9\u00e9n dak bieden. U heeft slechts \u00e9\u00e9n aanspreekpunt nodig om al uw wensen te realiseren. Vrijblijvend kunt u bij ons terecht voor een deskundig advies!Alvorens wij gaan werken aan uw opdracht wordt er een &#8220;plan de campagne&#8221; opgesteld waarbij uw wensen worden verwoord. Wijzigingen en aanpassingen kunnen voortdurend plaatsvinden. Bij de uitvoer van het plan blijft dit ook zo. U wordt continu op de hoogte gehouden van de vorderingen en kunt zo nodig nieuwe wensen laten opnemen.<\/p>\n<p>Wij leveren ook alles voor de beveiliging van uw bezittingen, van Online Backupdiensten tot en met camerabeveiligingssystemen, neem voor meer informatie contact met ons op voor een passende offerte(vrijblijvend).<\/p>\n","protected":false},"excerpt":{"rendered":"<p>Een Internetsite voor uw bedrijf is meer dan een aantal pagina&#8217;s op het internet. Uw Internetsite maakt deel uit van uw marketingplan en is zodoende een belangrijk instrument in uw communicatie naar derden. U kunt de informatie die uw site oplevert toepassen in nieuwe acties en mailings. Hierdoor leert u<span class=\"more-link\"><a href=\"https:\/\/www.extremelyweb.nl\/index.php\/bedrijfsprofiel\/\">Continue Reading<\/a><\/span><\/p>\n","protected":false},"author":1,"featured_media":0,"parent":0,"menu_order":4,"comment_status":"closed","ping_status":"closed","template":"","meta":{"footnotes":""},"class_list":["entry","author-infoextremelyweb-nl","post-13","page","type-page","status-publish"],"_links":{"self":[{"href":"https:\/\/www.extremelyweb.nl\/index.php\/wp-json\/wp\/v2\/pages\/13","targetHints":{"allow":["GET"]}}],"collection":[{"href":"https:\/\/www.extremelyweb.nl\/index.php\/wp-json\/wp\/v2\/pages"}],"about":[{"href":"https:\/\/www.extremelyweb.nl\/index.php\/wp-json\/wp\/v2\/types\/page"}],"author":[{"embeddable":true,"href":"https:\/\/www.extremelyweb.nl\/index.php\/wp-json\/wp\/v2\/users\/1"}],"replies":[{"embeddable":true,"href":"https:\/\/www.extremelyweb.nl\/index.php\/wp-json\/wp\/v2\/comments?post=13"}],"version-history":[{"count":4,"href":"https:\/\/www.extremelyweb.nl\/index.php\/wp-json\/wp\/v2\/pages\/13\/revisions"}],"predecessor-version":[{"id":49,"href":"https:\/\/www.extremelyweb.nl\/index.php\/wp-json\/wp\/v2\/pages\/13\/revisions\/49"}],"wp:attachment":[{"href":"https:\/\/www.extremelyweb.nl\/index.php\/wp-json\/wp\/v2\/media?parent=13"}],"curies":[{"name":"wp","href":"https:\/\/api.w.org\/{rel}","templated":true}]}}